{"id":2,"date":"2022-05-08T10:02:36","date_gmt":"2022-05-08T08:02:36","guid":{"rendered":"http:\/\/les-brahmen.com\/?page_id=2"},"modified":"2024-02-04T22:56:46","modified_gmt":"2024-02-04T21:56:46","slug":"accueil","status":"publish","type":"page","link":"https:\/\/homme-universel.com\/","title":{"rendered":"Homme Universel"},"content":{"rendered":"\n<div style=\"background-image:url(&apos;http:\/\/homme-universel.com\/wp-content\/uploads\/2024\/02\/Fond-entete-site.png&apos;);background-size:cover;\" class=\"wp-block-group alignfull eplus-wrapper has-global-padding is-layout-constrained wp-block-group-is-layout-constrained has-background\">\n<figure class=\"wp-block-gallery aligncenter has-nested-images columns-default is-cropped eplus-wrapper wp-block-gallery-2\"><figure class=\"size-full eplus-wrapper is-style-default wp-block-image wp-duotone-unset-1 eplus-styles-uid-66b20e\"><img loading=\"lazy\" decoding=\"async\" width=\"464\" height=\"426\" data-id=\"232\" src=\"http:\/\/homme-universel.com\/wp-content\/uploads\/2024\/02\/Homme-universelHDblanc-transparent.png\" alt=\"\" class=\"wp-image-232\" srcset=\"https:\/\/homme-universel.com\/wp-content\/uploads\/2024\/02\/Homme-universelHDblanc-transparent.png 464w, https:\/\/homme-universel.com\/wp-content\/uploads\/2024\/02\/Homme-universelHDblanc-transparent-300x275.png 300w\" sizes=\"auto, (max-width: 464px) 100vw, 464px\" \/><\/figure><\/figure>\n\n\n\n<a id=\"social-media\"><\/a>\n\n\n\n<ul class=\"is-style-logos-only wp-block-social-links has-large-icon-size has-icon-color eplus-wrapper is-content-justification-center is-layout-flex wp-container-core-social-links-is-layout-a89b3969 wp-block-social-links-is-layout-flex\"><li style=\"color:#f9f9f9;\" class=\"wp-social-link wp-social-link-twitter has-base-color wp-block-social-link eplus-styles-uid-0014d5\"><a href=\"https:\/\/www.google.com\" class=\"wp-block-social-link-anchor\"><svg width=\"24\" height=\"24\" viewbox=\"0 0 24 24\" version=\"1.1\" xmlns=\"http:\/\/www.w3.org\/2000\/svg\" aria-hidden=\"true\" focusable=\"false\"><path d=\"M22.23,5.924c-0.736,0.326-1.527,0.547-2.357,0.646c0.847-0.508,1.498-1.312,1.804-2.27 c-0.793,0.47-1.671,0.812-2.606,0.996C18.324,4.498,17.257,4,16.077,4c-2.266,0-4.103,1.837-4.103,4.103 c0,0.322,0.036,0.635,0.106,0.935C8.67,8.867,5.647,7.234,3.623,4.751C3.27,5.357,3.067,6.062,3.067,6.814 c0,1.424,0.724,2.679,1.825,3.415c-0.673-0.021-1.305-0.206-1.859-0.513c0,0.017,0,0.034,0,0.052c0,1.988,1.414,3.647,3.292,4.023 c-0.344,0.094-0.707,0.144-1.081,0.144c-0.264,0-0.521-0.026-0.772-0.074c0.522,1.63,2.038,2.816,3.833,2.85 c-1.404,1.1-3.174,1.756-5.096,1.756c-0.331,0-0.658-0.019-0.979-0.057c1.816,1.164,3.973,1.843,6.29,1.843 c7.547,0,11.675-6.252,11.675-11.675c0-0.178-0.004-0.355-0.012-0.531C20.985,7.47,21.68,6.747,22.23,5.924z\"><\/path><\/svg><span class=\"wp-block-social-link-label screen-reader-text\">Twitter<\/span><\/a><\/li>\n\n<li style=\"color:#f9f9f9;\" class=\"wp-social-link wp-social-link-instagram has-base-color wp-block-social-link\"><a href=\"https:\/\/www.google.com\" class=\"wp-block-social-link-anchor\"><svg width=\"24\" height=\"24\" viewBox=\"0 0 24 24\" version=\"1.1\" xmlns=\"http:\/\/www.w3.org\/2000\/svg\" aria-hidden=\"true\" focusable=\"false\"><path d=\"M12,4.622c2.403,0,2.688,0.009,3.637,0.052c0.877,0.04,1.354,0.187,1.671,0.31c0.42,0.163,0.72,0.358,1.035,0.673 c0.315,0.315,0.51,0.615,0.673,1.035c0.123,0.317,0.27,0.794,0.31,1.671c0.043,0.949,0.052,1.234,0.052,3.637 s-0.009,2.688-0.052,3.637c-0.04,0.877-0.187,1.354-0.31,1.671c-0.163,0.42-0.358,0.72-0.673,1.035 c-0.315,0.315-0.615,0.51-1.035,0.673c-0.317,0.123-0.794,0.27-1.671,0.31c-0.949,0.043-1.233,0.052-3.637,0.052 s-2.688-0.009-3.637-0.052c-0.877-0.04-1.354-0.187-1.671-0.31c-0.42-0.163-0.72-0.358-1.035-0.673 c-0.315-0.315-0.51-0.615-0.673-1.035c-0.123-0.317-0.27-0.794-0.31-1.671C4.631,14.688,4.622,14.403,4.622,12 s0.009-2.688,0.052-3.637c0.04-0.877,0.187-1.354,0.31-1.671c0.163-0.42,0.358-0.72,0.673-1.035 c0.315-0.315,0.615-0.51,1.035-0.673c0.317-0.123,0.794-0.27,1.671-0.31C9.312,4.631,9.597,4.622,12,4.622 M12,3 C9.556,3,9.249,3.01,8.289,3.054C7.331,3.098,6.677,3.25,6.105,3.472C5.513,3.702,5.011,4.01,4.511,4.511 c-0.5,0.5-0.808,1.002-1.038,1.594C3.25,6.677,3.098,7.331,3.054,8.289C3.01,9.249,3,9.556,3,12c0,2.444,0.01,2.751,0.054,3.711 c0.044,0.958,0.196,1.612,0.418,2.185c0.23,0.592,0.538,1.094,1.038,1.594c0.5,0.5,1.002,0.808,1.594,1.038 c0.572,0.222,1.227,0.375,2.185,0.418C9.249,20.99,9.556,21,12,21s2.751-0.01,3.711-0.054c0.958-0.044,1.612-0.196,2.185-0.418 c0.592-0.23,1.094-0.538,1.594-1.038c0.5-0.5,0.808-1.002,1.038-1.594c0.222-0.572,0.375-1.227,0.418-2.185 C20.99,14.751,21,14.444,21,12s-0.01-2.751-0.054-3.711c-0.044-0.958-0.196-1.612-0.418-2.185c-0.23-0.592-0.538-1.094-1.038-1.594 c-0.5-0.5-1.002-0.808-1.594-1.038c-0.572-0.222-1.227-0.375-2.185-0.418C14.751,3.01,14.444,3,12,3L12,3z M12,7.378 c-2.552,0-4.622,2.069-4.622,4.622S9.448,16.622,12,16.622s4.622-2.069,4.622-4.622S14.552,7.378,12,7.378z M12,15 c-1.657,0-3-1.343-3-3s1.343-3,3-3s3,1.343,3,3S13.657,15,12,15z M16.804,6.116c-0.596,0-1.08,0.484-1.08,1.08 s0.484,1.08,1.08,1.08c0.596,0,1.08-0.484,1.08-1.08S17.401,6.116,16.804,6.116z\"><\/path><\/svg><span class=\"wp-block-social-link-label screen-reader-text\">Instagram<\/span><\/a><\/li><\/ul>\n\n\n\n<div style=\"height:50px\" aria-hidden=\"true\" class=\" wp-block-spacer eplus-wrapper\"><\/div>\n<\/div>\n\n\n\n<a id=\"newsletter\"><\/a>\n\n\n\n<div class=\"wp-block-group eplus-wrapper has-global-padding is-layout-constrained wp-block-group-is-layout-constrained\">\n<iframe src=\"https:\/\/hommeuniversel.substack.com\/embed\" width=100% height=\"320\" style=\"border:1px solid #EEE; background:white;\" frameborder=\"0\" scrolling=\"no\"><\/iframe>\n<\/div>\n\n\n\n<div style=\"height:50px\" aria-hidden=\"true\" class=\" wp-block-spacer eplus-wrapper\"><\/div>\n\n\n\n<h2 class=\" wp-block-heading alignwide has-text-align-center eplus-wrapper\" id=\"articles\"><strong>Articles<\/strong><\/h2>\n\n\n\n<div class=\"wp-block-query alignwide eplus-wrapper is-layout-flow wp-block-query-is-layout-flow\"><ul class=\"wp-block-post-template is-layout-flow wp-block-post-template-is-layout-flow\"><li class=\"wp-block-post post-335 post type-post status-publish format-standard has-post-thumbnail hentry category-non-classe\">\n<div class=\"wp-block-columns are-vertically-aligned-center eplus-wrapper is-layout-flex wp-container-core-columns-is-layout-28f84493 wp-block-columns-is-layout-flex eplus-styles-uid-780336\">\n<div class=\"wp-block-column is-vertically-aligned-center eplus-wrapper is-layout-flow wp-block-column-is-layout-flow\" style=\"flex-basis:25%\"><figure class=\"wp-block-post-featured-image\"><a href=\"https:\/\/homme-universel.com\/index.php\/2025\/06\/06\/je-nai-plus-dargent-et-cest-ok\/\" target=\"_self\"><img loading=\"lazy\" decoding=\"async\" width=\"2560\" height=\"1707\" src=\"https:\/\/homme-universel.com\/wp-content\/uploads\/2025\/06\/pexels-photo-2284178-2284178-scaled.jpg\" class=\"attachment-post-thumbnail size-post-thumbnail wp-post-image\" alt=\"Je n\u2019ai plus d\u2019argent et c\u2019est ok\" style=\"object-fit:cover;\" srcset=\"https:\/\/homme-universel.com\/wp-content\/uploads\/2025\/06\/pexels-photo-2284178-2284178-scaled.jpg 2560w, https:\/\/homme-universel.com\/wp-content\/uploads\/2025\/06\/pexels-photo-2284178-2284178-300x200.jpg 300w, https:\/\/homme-universel.com\/wp-content\/uploads\/2025\/06\/pexels-photo-2284178-2284178-1024x683.jpg 1024w, https:\/\/homme-universel.com\/wp-content\/uploads\/2025\/06\/pexels-photo-2284178-2284178-768x512.jpg 768w, https:\/\/homme-universel.com\/wp-content\/uploads\/2025\/06\/pexels-photo-2284178-2284178-1536x1024.jpg 1536w, https:\/\/homme-universel.com\/wp-content\/uploads\/2025\/06\/pexels-photo-2284178-2284178-2048x1365.jpg 2048w\" sizes=\"auto, (max-width: 2560px) 100vw, 2560px\"><\/a><\/figure><\/div>\n\n\n\n<div class=\"wp-block-column is-vertically-aligned-center eplus-wrapper is-layout-flow wp-block-column-is-layout-flow\" style=\"flex-basis:75%\"><h2 class=\"wp-block-post-title\"><a href=\"https:\/\/homme-universel.com\/index.php\/2025\/06\/06\/je-nai-plus-dargent-et-cest-ok\/\" target=\"_self\">Je n\u2019ai plus d\u2019argent et c\u2019est ok<\/a><\/h2><\/div>\n<\/div>\n<\/li><li class=\"wp-block-post post-318 post type-post status-publish format-standard has-post-thumbnail hentry category-non-classe\">\n<div class=\"wp-block-columns are-vertically-aligned-center eplus-wrapper is-layout-flex wp-container-core-columns-is-layout-28f84493 wp-block-columns-is-layout-flex eplus-styles-uid-780336\">\n<div class=\"wp-block-column is-vertically-aligned-center eplus-wrapper is-layout-flow wp-block-column-is-layout-flow\" style=\"flex-basis:25%\"><figure class=\"wp-block-post-featured-image\"><a href=\"https:\/\/homme-universel.com\/index.php\/2025\/05\/20\/pourquoi-tu-oublies-tout-ce-que-tu-apprends\/\" target=\"_self\"><img loading=\"lazy\" decoding=\"async\" width=\"1707\" height=\"2560\" src=\"https:\/\/homme-universel.com\/wp-content\/uploads\/2025\/06\/pexels-photo-4769486-4769486-scaled.jpg\" class=\"attachment-post-thumbnail size-post-thumbnail wp-post-image\" alt=\"Pourquoi tu oublies tout ce que tu apprends.\" style=\"object-fit:cover;\" srcset=\"https:\/\/homme-universel.com\/wp-content\/uploads\/2025\/06\/pexels-photo-4769486-4769486-scaled.jpg 1707w, https:\/\/homme-universel.com\/wp-content\/uploads\/2025\/06\/pexels-photo-4769486-4769486-200x300.jpg 200w, https:\/\/homme-universel.com\/wp-content\/uploads\/2025\/06\/pexels-photo-4769486-4769486-683x1024.jpg 683w, https:\/\/homme-universel.com\/wp-content\/uploads\/2025\/06\/pexels-photo-4769486-4769486-768x1152.jpg 768w, https:\/\/homme-universel.com\/wp-content\/uploads\/2025\/06\/pexels-photo-4769486-4769486-1024x1536.jpg 1024w, https:\/\/homme-universel.com\/wp-content\/uploads\/2025\/06\/pexels-photo-4769486-4769486-1365x2048.jpg 1365w\" sizes=\"auto, (max-width: 1707px) 100vw, 1707px\"><\/a><\/figure><\/div>\n\n\n\n<div class=\"wp-block-column is-vertically-aligned-center eplus-wrapper is-layout-flow wp-block-column-is-layout-flow\" style=\"flex-basis:75%\"><h2 class=\"wp-block-post-title\"><a href=\"https:\/\/homme-universel.com\/index.php\/2025\/05\/20\/pourquoi-tu-oublies-tout-ce-que-tu-apprends\/\" target=\"_self\">Pourquoi tu oublies tout ce que tu apprends.<\/a><\/h2><\/div>\n<\/div>\n<\/li><\/ul><\/div>\n\n\n\n<div style=\"height:50px\" aria-hidden=\"true\" class=\" wp-block-spacer eplus-wrapper\"><\/div>\n\n\n\n<h2 class=\" wp-block-heading alignwide has-text-align-center eplus-wrapper\" id=\"a-propos\"><strong>\u00c0 propos<\/strong><\/h2>\n\n\n<div class=\" wp-block-media-text alignwide is-stacked-on-mobile has-medium-font-size eplus-wrapper eplus-styles-uid-2d94c6\" style=\"grid-template-columns:15% auto\"><figure class=\"wp-block-media-text__media\"><img loading=\"lazy\" decoding=\"async\" width=\"337\" height=\"337\" src=\"http:\/\/homme-universel.com\/wp-content\/uploads\/2024\/02\/profil-vincent-contour-noire-transparent.png\" alt=\"\" class=\"wp-image-176 size-full\" srcset=\"https:\/\/homme-universel.com\/wp-content\/uploads\/2024\/02\/profil-vincent-contour-noire-transparent.png 337w, https:\/\/homme-universel.com\/wp-content\/uploads\/2024\/02\/profil-vincent-contour-noire-transparent-300x300.png 300w, https:\/\/homme-universel.com\/wp-content\/uploads\/2024\/02\/profil-vincent-contour-noire-transparent-150x150.png 150w\" sizes=\"auto, (max-width: 337px) 100vw, 337px\" \/><\/figure><div class=\"wp-block-media-text__content\">\n<p class=\" eplus-wrapper\">J&#8217;ai voulu \u00eatre la meilleurs version de moi m\u00eame pour plaire \u00e0 ces dames et ainsi oublier que la vie ne fait aucun sens.<\/p>\n\n\n\n<p class=\" eplus-wrapper\">\u00c0 force de recherches et exp\u00e9rimentations, je conclue que l&#8217;amour n&#8217;a rien \u00e0 voir avec les relations, et qu&#8217;effectivement, la vie n&#8217;a pas de sens, mais c&#8217;est pour le mieux : nous sommes libre de suivre nos aspirations.<\/p>\n\n\n\n<p class=\" eplus-wrapper\">Ainsi mon aspiration actuelle est d&#8217;aider les hommes \u00e0 prendre leurs vie en main plut\u00f4t que leurs queues, \u00e0 travers mes <a href=\"http:\/\/www.google.com\">\u00e9crits<\/a>, ma <a href=\"http:\/\/www.google.com\">communaut\u00e9<\/a> et mes <a href=\"http:\/\/www.google.com\">consultations<\/a>.<\/p>\n<\/div><\/div>","protected":false},"excerpt":{"rendered":"<p>Articles \u00c0 propos J&#8217;ai voulu \u00eatre la meilleurs version de moi m\u00eame pour plaire \u00e0 ces dames et ainsi oublier que la vie ne fait aucun sens. \u00c0 force de recherches et exp\u00e9rimentations, je conclue que l&#8217;amour n&#8217;a rien \u00e0 voir avec les relations, et qu&#8217;effectivement, la vie n&#8217;a pas de sens, mais c&#8217;est pour [&hellip;]<\/p>\n","protected":false},"author":1,"featured_media":0,"parent":0,"menu_order":0,"comment_status":"closed","ping_status":"closed","template":"page-no-title","meta":{"editor_plus_copied_stylings":"{}","footnotes":""},"class_list":["post-2","page","type-page","status-publish","hentry"],"_links":{"self":[{"href":"https:\/\/homme-universel.com\/index.php\/wp-json\/wp\/v2\/pages\/2","targetHints":{"allow":["GET"]}}],"collection":[{"href":"https:\/\/homme-universel.com\/index.php\/wp-json\/wp\/v2\/pages"}],"about":[{"href":"https:\/\/homme-universel.com\/index.php\/wp-json\/wp\/v2\/types\/page"}],"author":[{"embeddable":true,"href":"https:\/\/homme-universel.com\/index.php\/wp-json\/wp\/v2\/users\/1"}],"replies":[{"embeddable":true,"href":"https:\/\/homme-universel.com\/index.php\/wp-json\/wp\/v2\/comments?post=2"}],"version-history":[{"count":120,"href":"https:\/\/homme-universel.com\/index.php\/wp-json\/wp\/v2\/pages\/2\/revisions"}],"predecessor-version":[{"id":233,"href":"https:\/\/homme-universel.com\/index.php\/wp-json\/wp\/v2\/pages\/2\/revisions\/233"}],"wp:attachment":[{"href":"https:\/\/homme-universel.com\/index.php\/wp-json\/wp\/v2\/media?parent=2"}],"curies":[{"name":"wp","href":"https:\/\/api.w.org\/{rel}","templated":true}]}}